{"id":2020,"date":"2021-05-19T07:41:33","date_gmt":"2021-05-19T05:41:33","guid":{"rendered":"http:\/\/www.ahp-europe.com\/portfolio\/"},"modified":"2025-03-04T15:46:38","modified_gmt":"2025-03-04T14:46:38","slug":"protheses","status":"publish","type":"page","link":"https:\/\/www.ahp-europe.com\/en\/protheses\/","title":{"rendered":"AHP EUROPE bis"},"content":{"rendered":"<div data-elementor-type=\"wp-page\" data-elementor-id=\"2020\" class=\"elementor elementor-2020\">\n\t\t\t\t\t\t<section class=\"elementor-section elementor-top-section elementor-element elementor-element-4778104 elementor-section-boxed elementor-section-height-default elementor-section-height-default\" data-id=\"4778104\" data-element_type=\"section\" data-e-type=\"section\">\n\t\t\t\t\t\t<div class=\"elementor-container elementor-column-gap-default\">\n\t\t\t\t\t<div class=\"elementor-column elementor-col-25 elementor-top-column elementor-element elementor-element-e3b60fc\" data-id=\"e3b60fc\" data-element_type=\"column\" data-e-type=\"column\">\n\t\t\t<div class=\"elementor-widget-wrap\">\n\t\t\t\t\t\t\t<\/div>\n\t\t<\/div>\n\t\t\t\t<div class=\"elementor-column elementor-col-25 elementor-top-column elementor-element elementor-element-2fa32b1\" data-id=\"2fa32b1\" data-element_type=\"column\" data-e-type=\"column\">\n\t\t\t<div class=\"elementor-widget-wrap elementor-element-populated\">\n\t\t\t\t\t\t<div class=\"elementor-element elementor-element-61e9215 elementor-widget elementor-widget-heading\" data-id=\"61e9215\" data-element_type=\"widget\" data-e-type=\"widget\" data-widget_type=\"heading.default\">\n\t\t\t\t<div class=\"elementor-widget-container\">\n\t\t\t\t\t<h1 class=\"elementor-heading-title elementor-size-default\">LES DIFF\u00c9RENTES PROTH\u00c8SES AHP EUROPE :<\/h1>\t\t\t\t<\/div>\n\t\t\t\t<\/div>\n\t\t\t\t\t<\/div>\n\t\t<\/div>\n\t\t\t\t<div class=\"elementor-column elementor-col-25 elementor-top-column elementor-element elementor-element-4e10900\" data-id=\"4e10900\" data-element_type=\"column\" data-e-type=\"column\">\n\t\t\t<div class=\"elementor-widget-wrap\">\n\t\t\t\t\t\t\t<\/div>\n\t\t<\/div>\n\t\t\t\t<div class=\"elementor-column elementor-col-25 elementor-top-column elementor-element elementor-element-8b68c74\" data-id=\"8b68c74\" data-element_type=\"column\" data-e-type=\"column\">\n\t\t\t<div class=\"elementor-widget-wrap\">\n\t\t\t\t\t\t\t<\/div>\n\t\t<\/div>\n\t\t\t\t\t<\/div>\n\t\t<\/section>\n\t\t\t\t<section class=\"elementor-section elementor-top-section elementor-element elementor-element-63bc8e3 elementor-section-boxed elementor-section-height-default elementor-section-height-default\" data-id=\"63bc8e3\" data-element_type=\"section\" data-e-type=\"section\">\n\t\t\t\t\t\t<div class=\"elementor-container elementor-column-gap-default\">\n\t\t\t\t\t<div class=\"elementor-column elementor-col-100 elementor-top-column elementor-element elementor-element-c8bdd4e\" data-id=\"c8bdd4e\" data-element_type=\"column\" data-e-type=\"column\">\n\t\t\t<div class=\"elementor-widget-wrap elementor-element-populated\">\n\t\t\t\t\t\t<div class=\"elementor-element elementor-element-5e1e916 elementor-widget elementor-widget-spacer\" data-id=\"5e1e916\" data-element_type=\"widget\" data-e-type=\"widget\" data-widget_type=\"spacer.default\">\n\t\t\t\t<div class=\"elementor-widget-container\">\n\t\t\t\t\t\t\t<div class=\"elementor-spacer\">\n\t\t\t<div class=\"elementor-spacer-inner\"><\/div>\n\t\t<\/div>\n\t\t\t\t\t\t<\/div>\n\t\t\t\t<\/div>\n\t\t\t\t\t<\/div>\n\t\t<\/div>\n\t\t\t\t\t<\/div>\n\t\t<\/section>\n\t\t\t\t<section class=\"elementor-section elementor-top-section elementor-element elementor-element-fa04f72 elementor-section-boxed elementor-section-height-default elementor-section-height-default\" data-id=\"fa04f72\" data-element_type=\"section\" data-e-type=\"section\">\n\t\t\t\t\t\t<div class=\"elementor-container elementor-column-gap-default\">\n\t\t\t\t\t<div class=\"elementor-column elementor-col-33 elementor-top-column elementor-element elementor-element-8f7cc0d\" data-id=\"8f7cc0d\" data-element_type=\"column\" data-e-type=\"column\">\n\t\t\t<div class=\"elementor-widget-wrap elementor-element-populated\">\n\t\t\t\t\t\t<div class=\"elementor-element elementor-element-7367fb3 elementor-widget elementor-widget-image\" data-id=\"7367fb3\" data-element_type=\"widget\" data-e-type=\"widget\" data-widget_type=\"image.default\">\n\t\t\t\t<div class=\"elementor-widget-container\">\n\t\t\t\t\t\t\t\t\t\t\t\t\t\t\t<img fetchpriority=\"high\" decoding=\"async\" width=\"768\" height=\"1024\" src=\"https:\/\/www.ahp-europe.com\/wp-content\/uploads\/2022\/12\/IMG_1778-768x1024.jpg\" class=\"attachment-medium_large size-medium_large wp-image-4147\" alt=\"\" srcset=\"https:\/\/www.ahp-europe.com\/wp-content\/uploads\/2022\/12\/IMG_1778-768x1024.jpg 768w, https:\/\/www.ahp-europe.com\/wp-content\/uploads\/2022\/12\/IMG_1778-225x300.jpg 225w, https:\/\/www.ahp-europe.com\/wp-content\/uploads\/2022\/12\/IMG_1778-773x1030.jpg 773w, https:\/\/www.ahp-europe.com\/wp-content\/uploads\/2022\/12\/IMG_1778-1152x1536.jpg 1152w, https:\/\/www.ahp-europe.com\/wp-content\/uploads\/2022\/12\/IMG_1778-1536x2048.jpg 1536w, https:\/\/www.ahp-europe.com\/wp-content\/uploads\/2022\/12\/IMG_1778-scaled.jpg 1920w\" sizes=\"(max-width: 768px) 100vw, 768px\" \/>\t\t\t\t\t\t\t\t\t\t\t\t\t\t\t<\/div>\n\t\t\t\t<\/div>\n\t\t\t\t<div class=\"elementor-element elementor-element-cff6d24 elementor-hidden-desktop elementor-hidden-tablet elementor-widget elementor-widget-text-editor\" data-id=\"cff6d24\" data-element_type=\"widget\" data-e-type=\"widget\" data-widget_type=\"text-editor.default\">\n\t\t\t\t<div class=\"elementor-widget-container\">\n\t\t\t\t\t\t\t\t\t<p><a href=\"https:\/\/www.ahp-europe.com\/en\/prothese-de-bras\/\">arm<\/a><\/p><p><a href=\"https:\/\/www.ahp-europe.com\/en\/prothese-main-esthetique\/\">hand<\/a><\/p><p><a href=\"https:\/\/www.ahp-europe.com\/en\/prothese-doigt-membre-superieur\/\">finger<\/a><\/p>\t\t\t\t\t\t\t\t<\/div>\n\t\t\t\t<\/div>\n\t\t\t\t\t<\/div>\n\t\t<\/div>\n\t\t\t\t<div class=\"elementor-column elementor-col-33 elementor-top-column elementor-element elementor-element-d3a3e51\" data-id=\"d3a3e51\" data-element_type=\"column\" data-e-type=\"column\">\n\t\t\t<div class=\"elementor-widget-wrap elementor-element-populated\">\n\t\t\t\t\t\t<div class=\"elementor-element elementor-element-63f6389 elementor-widget elementor-widget-image\" data-id=\"63f6389\" data-element_type=\"widget\" data-e-type=\"widget\" data-widget_type=\"image.default\">\n\t\t\t\t<div class=\"elementor-widget-container\">\n\t\t\t\t\t\t\t\t\t\t\t\t\t\t\t<img decoding=\"async\" width=\"768\" height=\"1024\" src=\"https:\/\/www.ahp-europe.com\/wp-content\/uploads\/2022\/12\/IMG_1767-768x1024.jpg\" class=\"attachment-medium_large size-medium_large wp-image-4145\" alt=\"\" srcset=\"https:\/\/www.ahp-europe.com\/wp-content\/uploads\/2022\/12\/IMG_1767-768x1024.jpg 768w, https:\/\/www.ahp-europe.com\/wp-content\/uploads\/2022\/12\/IMG_1767-225x300.jpg 225w, https:\/\/www.ahp-europe.com\/wp-content\/uploads\/2022\/12\/IMG_1767-773x1030.jpg 773w, https:\/\/www.ahp-europe.com\/wp-content\/uploads\/2022\/12\/IMG_1767-1152x1536.jpg 1152w, https:\/\/www.ahp-europe.com\/wp-content\/uploads\/2022\/12\/IMG_1767-1536x2048.jpg 1536w, https:\/\/www.ahp-europe.com\/wp-content\/uploads\/2022\/12\/IMG_1767-scaled.jpg 1920w\" sizes=\"(max-width: 768px) 100vw, 768px\" \/>\t\t\t\t\t\t\t\t\t\t\t\t\t\t\t<\/div>\n\t\t\t\t<\/div>\n\t\t\t\t<div class=\"elementor-element elementor-element-1d7a57b elementor-hidden-desktop elementor-hidden-tablet elementor-widget elementor-widget-text-editor\" data-id=\"1d7a57b\" data-element_type=\"widget\" data-e-type=\"widget\" data-widget_type=\"text-editor.default\">\n\t\t\t\t<div class=\"elementor-widget-container\">\n\t\t\t\t\t\t\t\t\t<p>Oeil<\/p><p>ears<\/p><p>nose<\/p>\t\t\t\t\t\t\t\t<\/div>\n\t\t\t\t<\/div>\n\t\t\t\t\t<\/div>\n\t\t<\/div>\n\t\t\t\t<div class=\"elementor-column elementor-col-33 elementor-top-column elementor-element elementor-element-045eef5\" data-id=\"045eef5\" data-element_type=\"column\" data-e-type=\"column\">\n\t\t\t<div class=\"elementor-widget-wrap elementor-element-populated\">\n\t\t\t\t\t\t<div class=\"elementor-element elementor-element-c93798b elementor-widget elementor-widget-image\" data-id=\"c93798b\" data-element_type=\"widget\" data-e-type=\"widget\" data-widget_type=\"image.default\">\n\t\t\t\t<div class=\"elementor-widget-container\">\n\t\t\t\t\t\t\t\t\t\t\t\t\t\t\t<img decoding=\"async\" width=\"480\" height=\"640\" src=\"https:\/\/www.ahp-europe.com\/wp-content\/uploads\/2023\/11\/IMG_1050-\u2013-taille-moyenne.jpeg\" class=\"attachment-medium_large size-medium_large wp-image-5602\" alt=\"\" srcset=\"https:\/\/www.ahp-europe.com\/wp-content\/uploads\/2023\/11\/IMG_1050-\u2013-taille-moyenne.jpeg 480w, https:\/\/www.ahp-europe.com\/wp-content\/uploads\/2023\/11\/IMG_1050-\u2013-taille-moyenne-225x300.jpeg 225w, https:\/\/www.ahp-europe.com\/wp-content\/uploads\/2023\/11\/IMG_1050-\u2013-taille-moyenne-9x12.jpeg 9w\" sizes=\"(max-width: 480px) 100vw, 480px\" \/>\t\t\t\t\t\t\t\t\t\t\t\t\t\t\t<\/div>\n\t\t\t\t<\/div>\n\t\t\t\t<div class=\"elementor-element elementor-element-0bb5bf6 elementor-hidden-desktop elementor-hidden-tablet elementor-widget elementor-widget-text-editor\" data-id=\"0bb5bf6\" data-element_type=\"widget\" data-e-type=\"widget\" data-widget_type=\"text-editor.default\">\n\t\t\t\t<div class=\"elementor-widget-container\">\n\t\t\t\t\t\t\t\t\t<p>Oeil<\/p><p>ears<\/p><p>nose<\/p>\t\t\t\t\t\t\t\t<\/div>\n\t\t\t\t<\/div>\n\t\t\t\t\t<\/div>\n\t\t<\/div>\n\t\t\t\t\t<\/div>\n\t\t<\/section>\n\t\t\t\t<section class=\"elementor-section elementor-top-section elementor-element elementor-element-328efda elementor-section-boxed elementor-section-height-default elementor-section-height-default\" data-id=\"328efda\" data-element_type=\"section\" data-e-type=\"section\">\n\t\t\t\t\t\t<div class=\"elementor-container elementor-column-gap-default\">\n\t\t\t\t\t<div class=\"elementor-column elementor-col-100 elementor-top-column elementor-element elementor-element-7813054\" data-id=\"7813054\" data-element_type=\"column\" data-e-type=\"column\">\n\t\t\t<div class=\"elementor-widget-wrap elementor-element-populated\">\n\t\t\t\t\t\t<div class=\"elementor-element elementor-element-c944095 elementor-hidden-mobile elementor-widget elementor-widget-spacer\" data-id=\"c944095\" data-element_type=\"widget\" data-e-type=\"widget\" data-widget_type=\"spacer.default\">\n\t\t\t\t<div class=\"elementor-widget-container\">\n\t\t\t\t\t\t\t<div class=\"elementor-spacer\">\n\t\t\t<div class=\"elementor-spacer-inner\"><\/div>\n\t\t<\/div>\n\t\t\t\t\t\t<\/div>\n\t\t\t\t<\/div>\n\t\t\t\t\t<\/div>\n\t\t<\/div>\n\t\t\t\t\t<\/div>\n\t\t<\/section>\n\t\t\t\t<section class=\"elementor-section elementor-top-section elementor-element elementor-element-7b71251 elementor-hidden-mobile elementor-section-boxed elementor-section-height-default elementor-section-height-default\" data-id=\"7b71251\" data-element_type=\"section\" data-e-type=\"section\">\n\t\t\t\t\t\t<div class=\"elementor-container elementor-column-gap-default\">\n\t\t\t\t\t<div class=\"elementor-column elementor-col-33 elementor-top-column elementor-element elementor-element-8416b0a\" data-id=\"8416b0a\" data-element_type=\"column\" data-e-type=\"column\">\n\t\t\t<div class=\"elementor-widget-wrap elementor-element-populated\">\n\t\t\t\t\t\t<div class=\"elementor-element elementor-element-f69711c elementor-hidden-mobile elementor-widget elementor-widget-text-editor\" data-id=\"f69711c\" data-element_type=\"widget\" data-e-type=\"widget\" data-widget_type=\"text-editor.default\">\n\t\t\t\t<div class=\"elementor-widget-container\">\n\t\t\t\t\t\t\t\t\t<p><a href=\"https:\/\/www.ahp-europe.com\/en\/prothese-de-bras\/\">arm<\/a>\u00a0<\/p><p><a href=\"https:\/\/www.ahp-europe.com\/en\/prothese-main-appareillage-membre-superieur\/\">hand<\/a>\u00a0<\/p><p><a href=\"https:\/\/www.ahp-europe.com\/en\/prothese-doigt-membre-superieur\/\">finger<\/a>\u00a0<\/p>\t\t\t\t\t\t\t\t<\/div>\n\t\t\t\t<\/div>\n\t\t\t\t\t<\/div>\n\t\t<\/div>\n\t\t\t\t<div class=\"elementor-column elementor-col-33 elementor-top-column elementor-element elementor-element-d816edd\" data-id=\"d816edd\" data-element_type=\"column\" data-e-type=\"column\">\n\t\t\t<div class=\"elementor-widget-wrap elementor-element-populated\">\n\t\t\t\t\t\t<div class=\"elementor-element elementor-element-5cde127 elementor-hidden-mobile elementor-widget elementor-widget-text-editor\" data-id=\"5cde127\" data-element_type=\"widget\" data-e-type=\"widget\" data-widget_type=\"text-editor.default\">\n\t\t\t\t<div class=\"elementor-widget-container\">\n\t\t\t\t\t\t\t\t\t<p><a href=\"https:\/\/www.ahp-europe.com\/en\/prothesevisage\/\">eye<\/a><\/p><p><a href=\"https:\/\/www.ahp-europe.com\/en\/prothesevisage\/\">ears\u00a0<\/a><\/p><p><a href=\"https:\/\/www.ahp-europe.com\/en\/prothesevisage\/\">nose<\/a><\/p>\t\t\t\t\t\t\t\t<\/div>\n\t\t\t\t<\/div>\n\t\t\t\t\t<\/div>\n\t\t<\/div>\n\t\t\t\t<div class=\"elementor-column elementor-col-33 elementor-top-column elementor-element elementor-element-a8982ac\" data-id=\"a8982ac\" data-element_type=\"column\" data-e-type=\"column\">\n\t\t\t<div class=\"elementor-widget-wrap elementor-element-populated\">\n\t\t\t\t\t\t<div class=\"elementor-element elementor-element-70bd9f5 elementor-hidden-mobile elementor-widget elementor-widget-text-editor\" data-id=\"70bd9f5\" data-element_type=\"widget\" data-e-type=\"widget\" data-widget_type=\"text-editor.default\">\n\t\t\t\t<div class=\"elementor-widget-container\">\n\t\t\t\t\t\t\t\t\t<p><a href=\"https:\/\/www.ahp-europe.com\/en\/membre-inferieur-prothese-cuisse-prothese-jambe\/\">Jambe<\/a><\/p><p><a href=\"https:\/\/www.ahp-europe.com\/en\/prothese-orteil-prothese-pied-amputation-pied\/\">Pied\/Orteil<\/a><\/p>\t\t\t\t\t\t\t\t<\/div>\n\t\t\t\t<\/div>\n\t\t\t\t\t<\/div>\n\t\t<\/div>\n\t\t\t\t\t<\/div>\n\t\t<\/section>\n\t\t\t\t<section class=\"elementor-section elementor-top-section elementor-element elementor-element-0ec1a54 elementor-section-boxed elementor-section-height-default elementor-section-height-default\" data-id=\"0ec1a54\" data-element_type=\"section\" data-e-type=\"section\">\n\t\t\t\t\t\t<div class=\"elementor-container elementor-column-gap-default\">\n\t\t\t\t\t<div class=\"elementor-column elementor-col-100 elementor-top-column elementor-element elementor-element-5c18f90\" data-id=\"5c18f90\" data-element_type=\"column\" data-e-type=\"column\">\n\t\t\t<div class=\"elementor-widget-wrap elementor-element-populated\">\n\t\t\t\t\t\t<div class=\"elementor-element elementor-element-f57966f elementor-widget elementor-widget-spacer\" data-id=\"f57966f\" data-element_type=\"widget\" data-e-type=\"widget\" data-widget_type=\"spacer.default\">\n\t\t\t\t<div class=\"elementor-widget-container\">\n\t\t\t\t\t\t\t<div class=\"elementor-spacer\">\n\t\t\t<div class=\"elementor-spacer-inner\"><\/div>\n\t\t<\/div>\n\t\t\t\t\t\t<\/div>\n\t\t\t\t<\/div>\n\t\t\t\t\t<\/div>\n\t\t<\/div>\n\t\t\t\t\t<\/div>\n\t\t<\/section>\n\t\t<div class=\"elementor-element elementor-element-d58a7d4 e-flex e-con-boxed e-con e-parent\" data-id=\"d58a7d4\" data-element_type=\"container\" data-e-type=\"container\">\n\t\t\t\t\t<div class=\"e-con-inner\">\n\t\t<div class=\"elementor-element elementor-element-64a5e1b e-con-full e-flex e-con e-child\" data-id=\"64a5e1b\" data-element_type=\"container\" data-e-type=\"container\">\n\t\t\t\t<\/div>\n\t\t<div class=\"elementor-element elementor-element-3139190 e-con-full e-flex e-con e-child\" data-id=\"3139190\" data-element_type=\"container\" data-e-type=\"container\">\n\t\t\t\t<\/div>\n\t\t<div class=\"elementor-element elementor-element-15ab413 e-con-full e-flex e-con e-child\" data-id=\"15ab413\" data-element_type=\"container\" data-e-type=\"container\">\n\t\t\t\t<div class=\"elementor-element elementor-element-6ac4e58 elementor-widget elementor-widget-heading\" data-id=\"6ac4e58\" data-element_type=\"widget\" data-e-type=\"widget\" data-widget_type=\"heading.default\">\n\t\t\t\t<div class=\"elementor-widget-container\">\n\t\t\t\t\t<h3 class=\"elementor-heading-title elementor-size-default\">Nos proth\u00e8ses esth\u00e9tiques&nbsp; sont :<\/h3>\t\t\t\t<\/div>\n\t\t\t\t<\/div>\n\t\t\t\t<div class=\"elementor-element elementor-element-8cbcafe elementor-widget elementor-widget-text-editor\" data-id=\"8cbcafe\" data-element_type=\"widget\" data-e-type=\"widget\" data-widget_type=\"text-editor.default\">\n\t\t\t\t<div class=\"elementor-widget-container\">\n\t\t\t\t\t\t\t\t\t<ul><li>Optimal comfort: We understand the importance of comfort in wearing prostheses. Our aesthetic silicone prostheses are designed to be light and comfortable to wear, minimizing any feeling of discomfort.<\/li><li>Natural Appearance: Our aesthetic silicone prostheses are designed to closely resemble the texture, shape and color of natural skin, providing a realistic and natural appearance.<\/li><li>Superior Quality: Our aesthetic prostheses are made from medical materials, non-allergenic and guaranteeing long-term durability.<\/li><li>Personalization: We offer the possibility of adapting your prosthesis to your preferences: tattoos, summer\/winter color, etc.\u00a0<\/li><li>Made 100% in France<\/li><\/ul>\t\t\t\t\t\t\t\t<\/div>\n\t\t\t\t<\/div>\n\t\t\t\t<\/div>\n\t\t\t\t\t<\/div>\n\t\t\t\t<\/div>\n\t\t\t\t<\/div>","protected":false},"excerpt":{"rendered":"<p>LES DIFF\u00c9RENTES PROTH\u00c8SES AHP EUROPE : Bras Main Doigt Oeil Oreille Nez Oeil Oreille Nez Bras\u00a0 Main\u00a0 Doigt\u00a0 \u0152il Oreille\u00a0 Nez Jambe Pied\/Orteil Nos proth\u00e8ses esth\u00e9tiques&nbsp; sont : Confort optimal : Nous comprenons l&rsquo;importance du confort dans le port de proth\u00e8ses. Nos proth\u00e8ses silicones esth\u00e9tiques sont con\u00e7ues pour \u00eatre l\u00e9g\u00e8res et agr\u00e9ables \u00e0 porter, minimisant&#8230;<\/p>","protected":false},"author":1,"featured_media":0,"parent":0,"menu_order":0,"comment_status":"closed","ping_status":"closed","template":"elementor_header_footer","meta":{"_kadence_starter_templates_imported_post":false,"_kad_post_transparent":"","_kad_post_title":"","_kad_post_layout":"","_kad_post_sidebar_id":"","_kad_post_content_style":"","_kad_post_vertical_padding":"","_kad_post_feature":"","_kad_post_feature_position":"","_kad_post_header":false,"_kad_post_footer":false,"footnotes":""},"class_list":["post-2020","page","type-page","status-publish","hentry"],"_links":{"self":[{"href":"https:\/\/www.ahp-europe.com\/en\/wp-json\/wp\/v2\/pages\/2020","targetHints":{"allow":["GET"]}}],"collection":[{"href":"https:\/\/www.ahp-europe.com\/en\/wp-json\/wp\/v2\/pages"}],"about":[{"href":"https:\/\/www.ahp-europe.com\/en\/wp-json\/wp\/v2\/types\/page"}],"author":[{"embeddable":true,"href":"https:\/\/www.ahp-europe.com\/en\/wp-json\/wp\/v2\/users\/1"}],"replies":[{"embeddable":true,"href":"https:\/\/www.ahp-europe.com\/en\/wp-json\/wp\/v2\/comments?post=2020"}],"version-history":[{"count":384,"href":"https:\/\/www.ahp-europe.com\/en\/wp-json\/wp\/v2\/pages\/2020\/revisions"}],"predecessor-version":[{"id":5966,"href":"https:\/\/www.ahp-europe.com\/en\/wp-json\/wp\/v2\/pages\/2020\/revisions\/5966"}],"wp:attachment":[{"href":"https:\/\/www.ahp-europe.com\/en\/wp-json\/wp\/v2\/media?parent=2020"}],"curies":[{"name":"wp","href":"https:\/\/api.w.org\/{rel}","templated":true}]}}